{"id":134,"date":"2014-10-31T10:47:52","date_gmt":"2014-10-31T09:47:52","guid":{"rendered":"https:\/\/chalet-le-montana.com\/?page_id=134"},"modified":"2023-06-08T10:39:51","modified_gmt":"2023-06-08T09:39:51","slug":"contact","status":"publish","type":"page","link":"https:\/\/chalet-le-montana.com\/en\/contact\/","title":{"rendered":"Contact"},"content":{"rendered":"","protected":false},"excerpt":{"rendered":"","protected":false},"author":1,"featured_media":0,"parent":0,"menu_order":0,"comment_status":"open","ping_status":"open","template":"page-15.php","meta":{"_acf_changed":false,"footnotes":""},"class_list":["post-134","page","type-page","status-publish","hentry"],"acf":[],"yoast_head":"<!-- This site is optimized with the Yoast SEO plugin v26.7 - https:\/\/yoast.com\/wordpress\/plugins\/seo\/ -->\n<title>Contact &amp; acc\u00e8s - Chalet le Montana<\/title>\n<meta name=\"description\" content=\"Vous souhaitez avoir plus de renseignements sur une location d&#039;appartement ? N&#039;h\u00e9sitez pas : contact par email ou par t\u00e9l\u00e9phone.\" \/>\n<meta name=\"robots\" content=\"index, follow, max-snippet:-1, max-image-preview:large, max-video-preview:-1\" \/>\n<link rel=\"canonical\" href=\"https:\/\/chalet-le-montana.com\/en\/contact\/\" \/>\n<meta property=\"og:locale\" content=\"en_US\" \/>\n<meta property=\"og:type\" content=\"article\" \/>\n<meta property=\"og:title\" content=\"Contact &amp; acc\u00e8s - Chalet le Montana\" \/>\n<meta property=\"og:description\" content=\"Vous souhaitez avoir plus de renseignements sur une location d&#039;appartement ? N&#039;h\u00e9sitez pas : contact par email ou par t\u00e9l\u00e9phone.\" \/>\n<meta property=\"og:url\" content=\"https:\/\/chalet-le-montana.com\/en\/contact\/\" \/>\n<meta property=\"og:site_name\" content=\"Le Montana\" \/>\n<meta property=\"article:modified_time\" content=\"2023-06-08T09:39:51+00:00\" \/>\n<script type=\"application\/ld+json\" class=\"yoast-schema-graph\">{\"@context\":\"https:\/\/schema.org\",\"@graph\":[{\"@type\":\"WebPage\",\"@id\":\"https:\/\/chalet-le-montana.com\/en\/contact\/\",\"url\":\"https:\/\/chalet-le-montana.com\/en\/contact\/\",\"name\":\"Contact & acc\u00e8s - Chalet le Montana\",\"isPartOf\":{\"@id\":\"https:\/\/chalet-le-montana.com\/#website\"},\"datePublished\":\"2014-10-31T09:47:52+00:00\",\"dateModified\":\"2023-06-08T09:39:51+00:00\",\"description\":\"Vous souhaitez avoir plus de renseignements sur une location d'appartement ? N'h\u00e9sitez pas : contact par email ou par t\u00e9l\u00e9phone.\",\"breadcrumb\":{\"@id\":\"https:\/\/chalet-le-montana.com\/en\/contact\/#breadcrumb\"},\"inLanguage\":\"ENH\",\"potentialAction\":[{\"@type\":\"ReadAction\",\"target\":[\"https:\/\/chalet-le-montana.com\/en\/contact\/\"]}]},{\"@type\":\"BreadcrumbList\",\"@id\":\"https:\/\/chalet-le-montana.com\/en\/contact\/#breadcrumb\",\"itemListElement\":[{\"@type\":\"ListItem\",\"position\":1,\"name\":\"Accueil\",\"item\":\"https:\/\/chalet-le-montana.com\/en\/\"},{\"@type\":\"ListItem\",\"position\":2,\"name\":\"Contact\"}]},{\"@type\":\"WebSite\",\"@id\":\"https:\/\/chalet-le-montana.com\/#website\",\"url\":\"https:\/\/chalet-le-montana.com\/\",\"name\":\"Le Montana\",\"description\":\"Chalet au c\u0153ur des montagnes\",\"potentialAction\":[{\"@type\":\"SearchAction\",\"target\":{\"@type\":\"EntryPoint\",\"urlTemplate\":\"https:\/\/chalet-le-montana.com\/?s={search_term_string}\"},\"query-input\":{\"@type\":\"PropertyValueSpecification\",\"valueRequired\":true,\"valueName\":\"search_term_string\"}}],\"inLanguage\":\"ENH\"}]}<\/script>\n<!-- \/ Yoast SEO plugin. -->","yoast_head_json":{"title":"Contact & acc\u00e8s - Chalet le Montana","description":"Vous souhaitez avoir plus de renseignements sur une location d'appartement ? N'h\u00e9sitez pas : contact par email ou par t\u00e9l\u00e9phone.","robots":{"index":"index","follow":"follow","max-snippet":"max-snippet:-1","max-image-preview":"max-image-preview:large","max-video-preview":"max-video-preview:-1"},"canonical":"https:\/\/chalet-le-montana.com\/en\/contact\/","og_locale":"en_US","og_type":"article","og_title":"Contact & acc\u00e8s - Chalet le Montana","og_description":"Vous souhaitez avoir plus de renseignements sur une location d'appartement ? N'h\u00e9sitez pas : contact par email ou par t\u00e9l\u00e9phone.","og_url":"https:\/\/chalet-le-montana.com\/en\/contact\/","og_site_name":"Le Montana","article_modified_time":"2023-06-08T09:39:51+00:00","schema":{"@context":"https:\/\/schema.org","@graph":[{"@type":"WebPage","@id":"https:\/\/chalet-le-montana.com\/en\/contact\/","url":"https:\/\/chalet-le-montana.com\/en\/contact\/","name":"Contact & acc\u00e8s - Chalet le Montana","isPartOf":{"@id":"https:\/\/chalet-le-montana.com\/#website"},"datePublished":"2014-10-31T09:47:52+00:00","dateModified":"2023-06-08T09:39:51+00:00","description":"Vous souhaitez avoir plus de renseignements sur une location d'appartement ? N'h\u00e9sitez pas : contact par email ou par t\u00e9l\u00e9phone.","breadcrumb":{"@id":"https:\/\/chalet-le-montana.com\/en\/contact\/#breadcrumb"},"inLanguage":"ENH","potentialAction":[{"@type":"ReadAction","target":["https:\/\/chalet-le-montana.com\/en\/contact\/"]}]},{"@type":"BreadcrumbList","@id":"https:\/\/chalet-le-montana.com\/en\/contact\/#breadcrumb","itemListElement":[{"@type":"ListItem","position":1,"name":"Accueil","item":"https:\/\/chalet-le-montana.com\/en\/"},{"@type":"ListItem","position":2,"name":"Contact"}]},{"@type":"WebSite","@id":"https:\/\/chalet-le-montana.com\/#website","url":"https:\/\/chalet-le-montana.com\/","name":"Le Montana","description":"Chalet au c\u0153ur des montagnes","potentialAction":[{"@type":"SearchAction","target":{"@type":"EntryPoint","urlTemplate":"https:\/\/chalet-le-montana.com\/?s={search_term_string}"},"query-input":{"@type":"PropertyValueSpecification","valueRequired":true,"valueName":"search_term_string"}}],"inLanguage":"ENH"}]}},"_links":{"self":[{"href":"https:\/\/chalet-le-montana.com\/en\/wp-json\/wp\/v2\/pages\/134","targetHints":{"allow":["GET"]}}],"collection":[{"href":"https:\/\/chalet-le-montana.com\/en\/wp-json\/wp\/v2\/pages"}],"about":[{"href":"https:\/\/chalet-le-montana.com\/en\/wp-json\/wp\/v2\/types\/page"}],"author":[{"embeddable":true,"href":"https:\/\/chalet-le-montana.com\/en\/wp-json\/wp\/v2\/users\/1"}],"replies":[{"embeddable":true,"href":"https:\/\/chalet-le-montana.com\/en\/wp-json\/wp\/v2\/comments?post=134"}],"version-history":[{"count":5,"href":"https:\/\/chalet-le-montana.com\/en\/wp-json\/wp\/v2\/pages\/134\/revisions"}],"predecessor-version":[{"id":1514,"href":"https:\/\/chalet-le-montana.com\/en\/wp-json\/wp\/v2\/pages\/134\/revisions\/1514"}],"wp:attachment":[{"href":"https:\/\/chalet-le-montana.com\/en\/wp-json\/wp\/v2\/media?parent=134"}],"curies":[{"name":"wp","href":"https:\/\/api.w.org\/{rel}","templated":true}]}}