{"id":141,"date":"2014-10-31T10:48:08","date_gmt":"2014-10-31T09:48:08","guid":{"rendered":"https:\/\/chalet-le-montana.com\/?page_id=141"},"modified":"2023-06-07T08:56:43","modified_gmt":"2023-06-07T07:56:43","slug":"les-activites","status":"publish","type":"page","link":"https:\/\/chalet-le-montana.com\/en\/les-activites\/","title":{"rendered":"Activities"},"content":{"rendered":"","protected":false},"excerpt":{"rendered":"","protected":false},"author":1,"featured_media":0,"parent":0,"menu_order":0,"comment_status":"open","ping_status":"open","template":"page-17.php","meta":{"_acf_changed":false,"footnotes":""},"class_list":["post-141","page","type-page","status-publish","hentry"],"acf":[],"yoast_head":"<!-- This site is optimized with the Yoast SEO plugin v26.7 - https:\/\/yoast.com\/wordpress\/plugins\/seo\/ -->\n<title>Les activit\u00e9s de s\u00e9jour au ski \u00e0 la Rosi\u00e8re - Chalet Le Montana<\/title>\n<meta name=\"description\" content=\"D\u00e9couvrez toutes les activit\u00e9s de la station de la Rosi\u00e8re pour votre s\u00e9jour au ski : snow-kite, h\u00e9liski, balade en raquettes, gastronomie italienne ...\" \/>\n<meta name=\"robots\" content=\"index, follow, max-snippet:-1, max-image-preview:large, max-video-preview:-1\" \/>\n<link rel=\"canonical\" href=\"https:\/\/chalet-le-montana.com\/en\/les-activites\/\" \/>\n<meta property=\"og:locale\" content=\"en_US\" \/>\n<meta property=\"og:type\" content=\"article\" \/>\n<meta property=\"og:title\" content=\"Les activit\u00e9s de s\u00e9jour au ski \u00e0 la Rosi\u00e8re - Chalet Le Montana\" \/>\n<meta property=\"og:description\" content=\"D\u00e9couvrez toutes les activit\u00e9s de la station de la Rosi\u00e8re pour votre s\u00e9jour au ski : snow-kite, h\u00e9liski, balade en raquettes, gastronomie italienne ...\" \/>\n<meta property=\"og:url\" content=\"https:\/\/chalet-le-montana.com\/en\/les-activites\/\" \/>\n<meta property=\"og:site_name\" content=\"Le Montana\" \/>\n<meta property=\"article:modified_time\" content=\"2023-06-07T07:56:43+00:00\" \/>\n<script type=\"application\/ld+json\" class=\"yoast-schema-graph\">{\"@context\":\"https:\/\/schema.org\",\"@graph\":[{\"@type\":\"WebPage\",\"@id\":\"https:\/\/chalet-le-montana.com\/en\/les-activites\/\",\"url\":\"https:\/\/chalet-le-montana.com\/en\/les-activites\/\",\"name\":\"Les activit\u00e9s de s\u00e9jour au ski \u00e0 la Rosi\u00e8re - Chalet Le Montana\",\"isPartOf\":{\"@id\":\"https:\/\/chalet-le-montana.com\/#website\"},\"datePublished\":\"2014-10-31T09:48:08+00:00\",\"dateModified\":\"2023-06-07T07:56:43+00:00\",\"description\":\"D\u00e9couvrez toutes les activit\u00e9s de la station de la Rosi\u00e8re pour votre s\u00e9jour au ski : snow-kite, h\u00e9liski, balade en raquettes, gastronomie italienne ...\",\"breadcrumb\":{\"@id\":\"https:\/\/chalet-le-montana.com\/en\/les-activites\/#breadcrumb\"},\"inLanguage\":\"ENH\",\"potentialAction\":[{\"@type\":\"ReadAction\",\"target\":[\"https:\/\/chalet-le-montana.com\/en\/les-activites\/\"]}]},{\"@type\":\"BreadcrumbList\",\"@id\":\"https:\/\/chalet-le-montana.com\/en\/les-activites\/#breadcrumb\",\"itemListElement\":[{\"@type\":\"ListItem\",\"position\":1,\"name\":\"Accueil\",\"item\":\"https:\/\/chalet-le-montana.com\/en\/\"},{\"@type\":\"ListItem\",\"position\":2,\"name\":\"Activities\"}]},{\"@type\":\"WebSite\",\"@id\":\"https:\/\/chalet-le-montana.com\/#website\",\"url\":\"https:\/\/chalet-le-montana.com\/\",\"name\":\"Le Montana\",\"description\":\"Chalet au c\u0153ur des montagnes\",\"potentialAction\":[{\"@type\":\"SearchAction\",\"target\":{\"@type\":\"EntryPoint\",\"urlTemplate\":\"https:\/\/chalet-le-montana.com\/?s={search_term_string}\"},\"query-input\":{\"@type\":\"PropertyValueSpecification\",\"valueRequired\":true,\"valueName\":\"search_term_string\"}}],\"inLanguage\":\"ENH\"}]}<\/script>\n<!-- \/ Yoast SEO plugin. -->","yoast_head_json":{"title":"Les activit\u00e9s de s\u00e9jour au ski \u00e0 la Rosi\u00e8re - Chalet Le Montana","description":"D\u00e9couvrez toutes les activit\u00e9s de la station de la Rosi\u00e8re pour votre s\u00e9jour au ski : snow-kite, h\u00e9liski, balade en raquettes, gastronomie italienne ...","robots":{"index":"index","follow":"follow","max-snippet":"max-snippet:-1","max-image-preview":"max-image-preview:large","max-video-preview":"max-video-preview:-1"},"canonical":"https:\/\/chalet-le-montana.com\/en\/les-activites\/","og_locale":"en_US","og_type":"article","og_title":"Les activit\u00e9s de s\u00e9jour au ski \u00e0 la Rosi\u00e8re - Chalet Le Montana","og_description":"D\u00e9couvrez toutes les activit\u00e9s de la station de la Rosi\u00e8re pour votre s\u00e9jour au ski : snow-kite, h\u00e9liski, balade en raquettes, gastronomie italienne ...","og_url":"https:\/\/chalet-le-montana.com\/en\/les-activites\/","og_site_name":"Le Montana","article_modified_time":"2023-06-07T07:56:43+00:00","schema":{"@context":"https:\/\/schema.org","@graph":[{"@type":"WebPage","@id":"https:\/\/chalet-le-montana.com\/en\/les-activites\/","url":"https:\/\/chalet-le-montana.com\/en\/les-activites\/","name":"Les activit\u00e9s de s\u00e9jour au ski \u00e0 la Rosi\u00e8re - Chalet Le Montana","isPartOf":{"@id":"https:\/\/chalet-le-montana.com\/#website"},"datePublished":"2014-10-31T09:48:08+00:00","dateModified":"2023-06-07T07:56:43+00:00","description":"D\u00e9couvrez toutes les activit\u00e9s de la station de la Rosi\u00e8re pour votre s\u00e9jour au ski : snow-kite, h\u00e9liski, balade en raquettes, gastronomie italienne ...","breadcrumb":{"@id":"https:\/\/chalet-le-montana.com\/en\/les-activites\/#breadcrumb"},"inLanguage":"ENH","potentialAction":[{"@type":"ReadAction","target":["https:\/\/chalet-le-montana.com\/en\/les-activites\/"]}]},{"@type":"BreadcrumbList","@id":"https:\/\/chalet-le-montana.com\/en\/les-activites\/#breadcrumb","itemListElement":[{"@type":"ListItem","position":1,"name":"Accueil","item":"https:\/\/chalet-le-montana.com\/en\/"},{"@type":"ListItem","position":2,"name":"Activities"}]},{"@type":"WebSite","@id":"https:\/\/chalet-le-montana.com\/#website","url":"https:\/\/chalet-le-montana.com\/","name":"Le Montana","description":"Chalet au c\u0153ur des montagnes","potentialAction":[{"@type":"SearchAction","target":{"@type":"EntryPoint","urlTemplate":"https:\/\/chalet-le-montana.com\/?s={search_term_string}"},"query-input":{"@type":"PropertyValueSpecification","valueRequired":true,"valueName":"search_term_string"}}],"inLanguage":"ENH"}]}},"_links":{"self":[{"href":"https:\/\/chalet-le-montana.com\/en\/wp-json\/wp\/v2\/pages\/141","targetHints":{"allow":["GET"]}}],"collection":[{"href":"https:\/\/chalet-le-montana.com\/en\/wp-json\/wp\/v2\/pages"}],"about":[{"href":"https:\/\/chalet-le-montana.com\/en\/wp-json\/wp\/v2\/types\/page"}],"author":[{"embeddable":true,"href":"https:\/\/chalet-le-montana.com\/en\/wp-json\/wp\/v2\/users\/1"}],"replies":[{"embeddable":true,"href":"https:\/\/chalet-le-montana.com\/en\/wp-json\/wp\/v2\/comments?post=141"}],"version-history":[{"count":6,"href":"https:\/\/chalet-le-montana.com\/en\/wp-json\/wp\/v2\/pages\/141\/revisions"}],"predecessor-version":[{"id":1406,"href":"https:\/\/chalet-le-montana.com\/en\/wp-json\/wp\/v2\/pages\/141\/revisions\/1406"}],"wp:attachment":[{"href":"https:\/\/chalet-le-montana.com\/en\/wp-json\/wp\/v2\/media?parent=141"}],"curies":[{"name":"wp","href":"https:\/\/api.w.org\/{rel}","templated":true}]}}