{"id":145,"date":"2014-10-31T10:48:24","date_gmt":"2014-10-31T09:48:24","guid":{"rendered":"https:\/\/chalet-le-montana.com\/?page_id=145"},"modified":"2026-04-11T19:22:44","modified_gmt":"2026-04-11T17:22:44","slug":"les-appartements","status":"publish","type":"page","link":"https:\/\/chalet-le-montana.com\/en\/les-appartements\/","title":{"rendered":"Apartments"},"content":{"rendered":"","protected":false},"excerpt":{"rendered":"","protected":false},"author":1,"featured_media":0,"parent":0,"menu_order":0,"comment_status":"closed","ping_status":"closed","template":"page-19.php","meta":{"_acf_changed":false,"footnotes":""},"class_list":["post-145","page","type-page","status-publish","hentry"],"acf":[],"yoast_head":"<!-- This site is optimized with the Yoast SEO plugin v26.7 - https:\/\/yoast.com\/wordpress\/plugins\/seo\/ -->\n<title>Nos grands appartements en chalet - Chalet le Montana<\/title>\n<meta name=\"description\" content=\"D\u00e9couvrez nos grands appartements pour 10 personnes avec terrasses plein sud pour vos vacances d&#039;\u00e9t\u00e9 de la Rosi\u00e8re dans le quartier des Eucherts.\" \/>\n<meta name=\"robots\" content=\"index, follow, max-snippet:-1, max-image-preview:large, max-video-preview:-1\" \/>\n<link rel=\"canonical\" href=\"https:\/\/chalet-le-montana.com\/en\/les-appartements\/\" \/>\n<meta property=\"og:locale\" content=\"en_US\" \/>\n<meta property=\"og:type\" content=\"article\" \/>\n<meta property=\"og:title\" content=\"Nos grands appartements en chalet - Chalet le Montana\" \/>\n<meta property=\"og:description\" content=\"D\u00e9couvrez nos grands appartements pour 10 personnes avec terrasses plein sud pour vos vacances d&#039;\u00e9t\u00e9 de la Rosi\u00e8re dans le quartier des Eucherts.\" \/>\n<meta property=\"og:url\" content=\"https:\/\/chalet-le-montana.com\/en\/les-appartements\/\" \/>\n<meta property=\"og:site_name\" content=\"Le Montana\" \/>\n<meta property=\"article:modified_time\" content=\"2026-04-11T17:22:44+00:00\" \/>\n<script type=\"application\/ld+json\" class=\"yoast-schema-graph\">{\"@context\":\"https:\/\/schema.org\",\"@graph\":[{\"@type\":\"WebPage\",\"@id\":\"https:\/\/chalet-le-montana.com\/en\/les-appartements\/\",\"url\":\"https:\/\/chalet-le-montana.com\/en\/les-appartements\/\",\"name\":\"Nos grands appartements en chalet - Chalet le Montana\",\"isPartOf\":{\"@id\":\"https:\/\/chalet-le-montana.com\/#website\"},\"datePublished\":\"2014-10-31T09:48:24+00:00\",\"dateModified\":\"2026-04-11T17:22:44+00:00\",\"description\":\"D\u00e9couvrez nos grands appartements pour 10 personnes avec terrasses plein sud pour vos vacances d'\u00e9t\u00e9 de la Rosi\u00e8re dans le quartier des Eucherts.\",\"breadcrumb\":{\"@id\":\"https:\/\/chalet-le-montana.com\/en\/les-appartements\/#breadcrumb\"},\"inLanguage\":\"ENH\",\"potentialAction\":[{\"@type\":\"ReadAction\",\"target\":[\"https:\/\/chalet-le-montana.com\/en\/les-appartements\/\"]}]},{\"@type\":\"BreadcrumbList\",\"@id\":\"https:\/\/chalet-le-montana.com\/en\/les-appartements\/#breadcrumb\",\"itemListElement\":[{\"@type\":\"ListItem\",\"position\":1,\"name\":\"Accueil\",\"item\":\"https:\/\/chalet-le-montana.com\/en\/\"},{\"@type\":\"ListItem\",\"position\":2,\"name\":\"Apartments\"}]},{\"@type\":\"WebSite\",\"@id\":\"https:\/\/chalet-le-montana.com\/#website\",\"url\":\"https:\/\/chalet-le-montana.com\/\",\"name\":\"Le Montana\",\"description\":\"Chalet au c\u0153ur des montagnes\",\"potentialAction\":[{\"@type\":\"SearchAction\",\"target\":{\"@type\":\"EntryPoint\",\"urlTemplate\":\"https:\/\/chalet-le-montana.com\/?s={search_term_string}\"},\"query-input\":{\"@type\":\"PropertyValueSpecification\",\"valueRequired\":true,\"valueName\":\"search_term_string\"}}],\"inLanguage\":\"ENH\"}]}<\/script>\n<!-- \/ Yoast SEO plugin. -->","yoast_head_json":{"title":"Nos grands appartements en chalet - Chalet le Montana","description":"D\u00e9couvrez nos grands appartements pour 10 personnes avec terrasses plein sud pour vos vacances d'\u00e9t\u00e9 de la Rosi\u00e8re dans le quartier des Eucherts.","robots":{"index":"index","follow":"follow","max-snippet":"max-snippet:-1","max-image-preview":"max-image-preview:large","max-video-preview":"max-video-preview:-1"},"canonical":"https:\/\/chalet-le-montana.com\/en\/les-appartements\/","og_locale":"en_US","og_type":"article","og_title":"Nos grands appartements en chalet - Chalet le Montana","og_description":"D\u00e9couvrez nos grands appartements pour 10 personnes avec terrasses plein sud pour vos vacances d'\u00e9t\u00e9 de la Rosi\u00e8re dans le quartier des Eucherts.","og_url":"https:\/\/chalet-le-montana.com\/en\/les-appartements\/","og_site_name":"Le Montana","article_modified_time":"2026-04-11T17:22:44+00:00","schema":{"@context":"https:\/\/schema.org","@graph":[{"@type":"WebPage","@id":"https:\/\/chalet-le-montana.com\/en\/les-appartements\/","url":"https:\/\/chalet-le-montana.com\/en\/les-appartements\/","name":"Nos grands appartements en chalet - Chalet le Montana","isPartOf":{"@id":"https:\/\/chalet-le-montana.com\/#website"},"datePublished":"2014-10-31T09:48:24+00:00","dateModified":"2026-04-11T17:22:44+00:00","description":"D\u00e9couvrez nos grands appartements pour 10 personnes avec terrasses plein sud pour vos vacances d'\u00e9t\u00e9 de la Rosi\u00e8re dans le quartier des Eucherts.","breadcrumb":{"@id":"https:\/\/chalet-le-montana.com\/en\/les-appartements\/#breadcrumb"},"inLanguage":"ENH","potentialAction":[{"@type":"ReadAction","target":["https:\/\/chalet-le-montana.com\/en\/les-appartements\/"]}]},{"@type":"BreadcrumbList","@id":"https:\/\/chalet-le-montana.com\/en\/les-appartements\/#breadcrumb","itemListElement":[{"@type":"ListItem","position":1,"name":"Accueil","item":"https:\/\/chalet-le-montana.com\/en\/"},{"@type":"ListItem","position":2,"name":"Apartments"}]},{"@type":"WebSite","@id":"https:\/\/chalet-le-montana.com\/#website","url":"https:\/\/chalet-le-montana.com\/","name":"Le Montana","description":"Chalet au c\u0153ur des montagnes","potentialAction":[{"@type":"SearchAction","target":{"@type":"EntryPoint","urlTemplate":"https:\/\/chalet-le-montana.com\/?s={search_term_string}"},"query-input":{"@type":"PropertyValueSpecification","valueRequired":true,"valueName":"search_term_string"}}],"inLanguage":"ENH"}]}},"_links":{"self":[{"href":"https:\/\/chalet-le-montana.com\/en\/wp-json\/wp\/v2\/pages\/145","targetHints":{"allow":["GET"]}}],"collection":[{"href":"https:\/\/chalet-le-montana.com\/en\/wp-json\/wp\/v2\/pages"}],"about":[{"href":"https:\/\/chalet-le-montana.com\/en\/wp-json\/wp\/v2\/types\/page"}],"author":[{"embeddable":true,"href":"https:\/\/chalet-le-montana.com\/en\/wp-json\/wp\/v2\/users\/1"}],"replies":[{"embeddable":true,"href":"https:\/\/chalet-le-montana.com\/en\/wp-json\/wp\/v2\/comments?post=145"}],"version-history":[{"count":5,"href":"https:\/\/chalet-le-montana.com\/en\/wp-json\/wp\/v2\/pages\/145\/revisions"}],"predecessor-version":[{"id":1799,"href":"https:\/\/chalet-le-montana.com\/en\/wp-json\/wp\/v2\/pages\/145\/revisions\/1799"}],"wp:attachment":[{"href":"https:\/\/chalet-le-montana.com\/en\/wp-json\/wp\/v2\/media?parent=145"}],"curies":[{"name":"wp","href":"https:\/\/api.w.org\/{rel}","templated":true}]}}