{"id":156,"date":"2014-10-31T10:48:36","date_gmt":"2014-10-31T09:48:36","guid":{"rendered":"https:\/\/chalet-le-montana.com\/?page_id=156"},"modified":"2026-04-11T19:12:56","modified_gmt":"2026-04-11T17:12:56","slug":"les-tarifs","status":"publish","type":"page","link":"https:\/\/chalet-le-montana.com\/en\/les-tarifs\/","title":{"rendered":"Prices"},"content":{"rendered":"<h2><strong><span style=\"color: #993300;\">Tarifs\u00a0Hiver :<\/span><\/strong><\/h2>\n<p>Les r\u00e9servations se font du <strong>samedi au samedi<\/strong>. La remise de cl\u00e9s est effectu\u00e9e \u00e0 partir de 13h. Le d\u00e9part se fait \u00e0 9h00 au plus tard.<\/p>\n<ul>\n<li>Moyens de paiement accept\u00e9s : ch\u00e8ques, ch\u00e8ques vacances, cartes bancaires , virements et esp\u00e8ces.<\/li>\n<li>Les charges sont comprises.<\/li>\n<li>Les animaux ne sont pas admis.<\/li>\n<li>Les locaux ne peuvent \u00eatre occup\u00e9s par un nombre sup\u00e9rieur \u00e0 celui indiqu\u00e9.<\/li>\n<li>Taxe de s\u00e9jour en sus : 1.10 \u20ac par nuit et par adulte (\u00e0 r\u00e9gler sur place \/ gratuit pour les moins de 18 ans).<\/li>\n<li><strong><span style=\"text-decoration: underline;\">D\u00e9p\u00f4ts de garantie\u00a0 demand\u00e9s lors du r\u00e8glement du solde le jour de votre arriv\u00e9e<\/span> :<\/strong><\/li>\n<li>un ch\u00e8que de caution 500\u20ac\u00a0en cas de casse ou d\u00e9gradation (restitu\u00e9 en fin de s\u00e9jour)<\/li>\n<li>un ch\u00e8que de 150\u20ac pour le m\u00e9nage de fin de s\u00e9jour (restitu\u00e9 en fin de s\u00e9jour)<\/li>\n<\/ul>\n<p>&nbsp;<\/p>\n<h2><span style=\"color: #993300;\">Tarifs hiver 2026\/2027 :<br \/>\n<\/span><\/h2>\n<p><span style=\"color: #333333;\">Nos tarifs sont \u00e0 jour afin que vous puissiez r\u00e9server en toute tranquillit\u00e9.<\/span><br \/>\n<span style=\"color: #333333;\"> Pour connaitre les disponibilit\u00e9s en temps r\u00e9el, n&#8217;h\u00e9sitez pas \u00e0 nous contacter <a style=\"color: #333333;\" title=\"Contactez-nous pour connaitre nos disponibilit\u00e9s\" href=\"https:\/\/chalet-le-montana.com\/en\/contact\/\" target=\"_blank\" rel=\"noopener\">ici <\/a>!<\/span><\/p>\n<p>Les r\u00e9servations se font du <strong>samedi au samedi<\/strong>. La remise de cl\u00e9s est effectu\u00e9e \u00e0 partir de 13h. Le d\u00e9part se fait \u00e0 <strong>9h00 au plus tard.<\/strong><\/p>\n<table style=\"height: 458px;\" width=\"553\">\n<tbody>\n<tr style=\"background-color: #4cb2cd; color: white;\">\n<td style=\"text-align: center;\">19\/12 au 26\/12<\/td>\n<td style=\"text-align: center;\"><strong>3300 \u20ac<br \/>\n<\/strong><\/td>\n<\/tr>\n<tr style=\"background-color: #4cb2cd; color: white;\">\n<td style=\"text-align: center;\">26\/12 au 02\/01<\/td>\n<td style=\"text-align: center;\"><strong>3700 \u20ac<\/strong><\/td>\n<\/tr>\n<tr>\n<td style=\"text-align: center;\">02\/01 au 09\/01<\/td>\n<td style=\"text-align: center;\"><strong>2000 \u20ac<\/strong><\/td>\n<\/tr>\n<tr>\n<td style=\"text-align: center;\">09\/01 au 16\/01<\/td>\n<td style=\"text-align: center;\"><strong>2000 \u20ac<br \/>\n<\/strong><\/td>\n<\/tr>\n<tr>\n<td style=\"text-align: center;\">16\/01 au 23\/01<\/td>\n<td style=\"text-align: center;\"><strong>2000 \u20ac<br \/>\n<\/strong><\/td>\n<\/tr>\n<tr>\n<td style=\"text-align: center;\">23\/01 au 30\/01<\/td>\n<td style=\"text-align: center;\"><strong>2000 \u20ac<\/strong><\/td>\n<\/tr>\n<tr>\n<td style=\"text-align: center;\">30\/01 au 06\/02<\/td>\n<td style=\"text-align: center;\"><strong>2000 \u20ac<\/strong><\/td>\n<\/tr>\n<tr style=\"background-color: #4cb2cd; color: white;\">\n<td style=\"text-align: center;\">06\/02 au 13\/02<\/td>\n<td style=\"text-align: center;\"><strong>3700 \u20ac<\/strong><\/td>\n<\/tr>\n<tr style=\"background-color: #4cb2cd; color: white;\">\n<td style=\"text-align: center;\">13\/02 au 20\/02<\/td>\n<td style=\"text-align: center;\"><strong>3700 \u20ac<\/strong><\/td>\n<\/tr>\n<tr style=\"background-color: #4cb2cd; color: white;\">\n<td style=\"text-align: center;\">20\/02 au 27\/02<\/td>\n<td style=\"text-align: center;\"><strong>3700 \u20ac<\/strong><\/td>\n<\/tr>\n<tr style=\"background-color: #4cb2cd; color: white;\">\n<td style=\"text-align: center;\">27\/02 au 06\/03<\/td>\n<td style=\"text-align: center;\"><strong>3700 \u20ac<\/strong><\/td>\n<\/tr>\n<tr>\n<td style=\"text-align: center;\">06\/03 au 13\/03<\/td>\n<td style=\"text-align: center;\"><strong>2200 \u20ac<\/strong><\/td>\n<\/tr>\n<tr>\n<td style=\"text-align: center;\">13\/03 au 20\/03<\/td>\n<td style=\"text-align: center;\"><strong>2200 \u20ac<\/strong><\/td>\n<\/tr>\n<tr>\n<td style=\"text-align: center;\">20\/03 au 27\/03<\/td>\n<td style=\"text-align: center;\"><strong>2200 \u20ac<\/strong><\/td>\n<\/tr>\n<tr>\n<td style=\"text-align: center;\">27\/03 au 03\/04<\/td>\n<td style=\"text-align: center;\"><strong>2200 \u20ac<\/strong><\/td>\n<\/tr>\n<tr style=\"background-color: #4cb2cd; color: white;\">\n<td style=\"text-align: center;\">03\/04 au 10\/04<\/td>\n<td style=\"text-align: center;\"><strong>2200 \u20ac<\/strong><\/td>\n<\/tr>\n<tr style=\"background-color: #4cb2cd; color: white;\">\n<td style=\"text-align: center;\">10\/04 au 17\/04<\/td>\n<td style=\"text-align: center;\"><strong>2200 \u20ac<\/strong><\/td>\n<\/tr>\n<\/tbody>\n<\/table>\n<p>&nbsp;<\/p>\n<table style=\"height: 10px; border: 0;\" width=\"555\">\n<tbody>\n<tr>\n<td style=\"background-color: #4cb2cd; width: 10px; height: 10px;\"><\/td>\n<td style=\"border: 0;\">P\u00e9riodes de vacances scolaires FR<\/td>\n<\/tr>\n<\/tbody>\n<\/table>\n<p>&nbsp;<\/p>\n<h2><span style=\"color: #993300;\">La remise\u00a0des cl\u00e9s &amp; le d\u00e9part :\u00a0<\/span><\/h2>\n<h5 class=\"tos-title\"><strong><span style=\"text-decoration: underline;\">Votre arriv\u00e9e au chalet<\/span> :<\/strong><\/h5>\n<p style=\"text-align: justify;\">La remise des cl\u00e9s s\u2019effectue \u00e0 partir de 13 heures le jour de votre arriv\u00e9e directement au chalet.<br \/>\nUn d\u00e9p\u00f4t de garantie de 500 euros et 150 euros pour le m\u00e9nage de fin de s\u00e9jour vous sera demand\u00e9 (restitu\u00e9 en fin de s\u00e9jour) .<br \/>\nEn cas d\u2019arriv\u00e9e tardive, n&#8217;h\u00e9sitez pas \u00e0 nous contacter.<\/p>\n<h5 class=\"tos-title\"><strong><span style=\"text-decoration: underline;\">Votre d\u00e9part<\/span> :<\/strong><\/h5>\n<p>Le jour du d\u00e9part le logement doit \u00eatre lib\u00e9r\u00e9 pour <span style=\"color: #000000;\"><span style=\"text-decoration: underline;\"><strong>9 heures au plus tard<\/strong><\/span>.<\/span><br \/>\n<span style=\"color: #000000;\"><strong>Il doit \u00eatre rendu en parfait \u00e9tat de propret\u00e9.<\/strong><\/span><br \/>\nLe d\u00e9p\u00f4t de garantie vous sera restitu\u00e9 par courrier (ou d\u00e9truit) apr\u00e8s contr\u00f4le de l\u2019appartement.<\/p>\n","protected":false},"excerpt":{"rendered":"<p>Tarifs\u00a0Hiver : Les r\u00e9servations se font du samedi au samedi. La remise de cl\u00e9s est effectu\u00e9e \u00e0 partir de 13h. Le d\u00e9part se fait \u00e0 9h00 au plus tard. Moyens de paiement accept\u00e9s : ch\u00e8ques, ch\u00e8ques vacances, cartes bancaires , virements et esp\u00e8ces. Les charges sont comprises. Les animaux ne sont pas admis. Les locaux [&hellip;]<\/p>\n","protected":false},"author":1,"featured_media":0,"parent":0,"menu_order":0,"comment_status":"closed","ping_status":"closed","template":"","meta":{"_acf_changed":false,"footnotes":""},"class_list":["post-156","page","type-page","status-publish","hentry"],"acf":[],"yoast_head":"<!-- This site is optimized with the Yoast SEO plugin v26.7 - https:\/\/yoast.com\/wordpress\/plugins\/seo\/ -->\n<title>Tarifs - Chalet Le Montana<\/title>\n<meta name=\"description\" content=\"D\u00e9couvrez nos tarifs, promotions et disponibilit\u00e9s pour votre s\u00e9jour au ski au chalet le Montana.\" \/>\n<meta name=\"robots\" content=\"index, follow, max-snippet:-1, max-image-preview:large, max-video-preview:-1\" \/>\n<link rel=\"canonical\" href=\"https:\/\/chalet-le-montana.com\/en\/les-tarifs\/\" \/>\n<meta property=\"og:locale\" content=\"en_US\" \/>\n<meta property=\"og:type\" content=\"article\" \/>\n<meta property=\"og:title\" content=\"Tarifs - Chalet Le Montana\" \/>\n<meta property=\"og:description\" content=\"D\u00e9couvrez nos tarifs, promotions et disponibilit\u00e9s pour votre s\u00e9jour au ski au chalet le Montana.\" \/>\n<meta property=\"og:url\" content=\"https:\/\/chalet-le-montana.com\/en\/les-tarifs\/\" \/>\n<meta property=\"og:site_name\" content=\"Le Montana\" \/>\n<meta property=\"article:modified_time\" content=\"2026-04-11T17:12:56+00:00\" \/>\n<meta name=\"twitter:label1\" content=\"Est. reading time\" \/>\n\t<meta name=\"twitter:data1\" content=\"2 minutes\" \/>\n<script type=\"application\/ld+json\" class=\"yoast-schema-graph\">{\"@context\":\"https:\/\/schema.org\",\"@graph\":[{\"@type\":\"WebPage\",\"@id\":\"https:\/\/chalet-le-montana.com\/en\/les-tarifs\/\",\"url\":\"https:\/\/chalet-le-montana.com\/en\/les-tarifs\/\",\"name\":\"Tarifs - Chalet Le Montana\",\"isPartOf\":{\"@id\":\"https:\/\/chalet-le-montana.com\/#website\"},\"datePublished\":\"2014-10-31T09:48:36+00:00\",\"dateModified\":\"2026-04-11T17:12:56+00:00\",\"description\":\"D\u00e9couvrez nos tarifs, promotions et disponibilit\u00e9s pour votre s\u00e9jour au ski au chalet le Montana.\",\"breadcrumb\":{\"@id\":\"https:\/\/chalet-le-montana.com\/en\/les-tarifs\/#breadcrumb\"},\"inLanguage\":\"ENH\",\"potentialAction\":[{\"@type\":\"ReadAction\",\"target\":[\"https:\/\/chalet-le-montana.com\/en\/les-tarifs\/\"]}]},{\"@type\":\"BreadcrumbList\",\"@id\":\"https:\/\/chalet-le-montana.com\/en\/les-tarifs\/#breadcrumb\",\"itemListElement\":[{\"@type\":\"ListItem\",\"position\":1,\"name\":\"Accueil\",\"item\":\"https:\/\/chalet-le-montana.com\/en\/\"},{\"@type\":\"ListItem\",\"position\":2,\"name\":\"Prices\"}]},{\"@type\":\"WebSite\",\"@id\":\"https:\/\/chalet-le-montana.com\/#website\",\"url\":\"https:\/\/chalet-le-montana.com\/\",\"name\":\"Le Montana\",\"description\":\"Chalet au c\u0153ur des montagnes\",\"potentialAction\":[{\"@type\":\"SearchAction\",\"target\":{\"@type\":\"EntryPoint\",\"urlTemplate\":\"https:\/\/chalet-le-montana.com\/?s={search_term_string}\"},\"query-input\":{\"@type\":\"PropertyValueSpecification\",\"valueRequired\":true,\"valueName\":\"search_term_string\"}}],\"inLanguage\":\"ENH\"}]}<\/script>\n<!-- \/ Yoast SEO plugin. -->","yoast_head_json":{"title":"Tarifs - Chalet Le Montana","description":"D\u00e9couvrez nos tarifs, promotions et disponibilit\u00e9s pour votre s\u00e9jour au ski au chalet le Montana.","robots":{"index":"index","follow":"follow","max-snippet":"max-snippet:-1","max-image-preview":"max-image-preview:large","max-video-preview":"max-video-preview:-1"},"canonical":"https:\/\/chalet-le-montana.com\/en\/les-tarifs\/","og_locale":"en_US","og_type":"article","og_title":"Tarifs - Chalet Le Montana","og_description":"D\u00e9couvrez nos tarifs, promotions et disponibilit\u00e9s pour votre s\u00e9jour au ski au chalet le Montana.","og_url":"https:\/\/chalet-le-montana.com\/en\/les-tarifs\/","og_site_name":"Le Montana","article_modified_time":"2026-04-11T17:12:56+00:00","twitter_misc":{"Est. reading time":"2 minutes"},"schema":{"@context":"https:\/\/schema.org","@graph":[{"@type":"WebPage","@id":"https:\/\/chalet-le-montana.com\/en\/les-tarifs\/","url":"https:\/\/chalet-le-montana.com\/en\/les-tarifs\/","name":"Tarifs - Chalet Le Montana","isPartOf":{"@id":"https:\/\/chalet-le-montana.com\/#website"},"datePublished":"2014-10-31T09:48:36+00:00","dateModified":"2026-04-11T17:12:56+00:00","description":"D\u00e9couvrez nos tarifs, promotions et disponibilit\u00e9s pour votre s\u00e9jour au ski au chalet le Montana.","breadcrumb":{"@id":"https:\/\/chalet-le-montana.com\/en\/les-tarifs\/#breadcrumb"},"inLanguage":"ENH","potentialAction":[{"@type":"ReadAction","target":["https:\/\/chalet-le-montana.com\/en\/les-tarifs\/"]}]},{"@type":"BreadcrumbList","@id":"https:\/\/chalet-le-montana.com\/en\/les-tarifs\/#breadcrumb","itemListElement":[{"@type":"ListItem","position":1,"name":"Accueil","item":"https:\/\/chalet-le-montana.com\/en\/"},{"@type":"ListItem","position":2,"name":"Prices"}]},{"@type":"WebSite","@id":"https:\/\/chalet-le-montana.com\/#website","url":"https:\/\/chalet-le-montana.com\/","name":"Le Montana","description":"Chalet au c\u0153ur des montagnes","potentialAction":[{"@type":"SearchAction","target":{"@type":"EntryPoint","urlTemplate":"https:\/\/chalet-le-montana.com\/?s={search_term_string}"},"query-input":{"@type":"PropertyValueSpecification","valueRequired":true,"valueName":"search_term_string"}}],"inLanguage":"ENH"}]}},"_links":{"self":[{"href":"https:\/\/chalet-le-montana.com\/en\/wp-json\/wp\/v2\/pages\/156","targetHints":{"allow":["GET"]}}],"collection":[{"href":"https:\/\/chalet-le-montana.com\/en\/wp-json\/wp\/v2\/pages"}],"about":[{"href":"https:\/\/chalet-le-montana.com\/en\/wp-json\/wp\/v2\/types\/page"}],"author":[{"embeddable":true,"href":"https:\/\/chalet-le-montana.com\/en\/wp-json\/wp\/v2\/users\/1"}],"replies":[{"embeddable":true,"href":"https:\/\/chalet-le-montana.com\/en\/wp-json\/wp\/v2\/comments?post=156"}],"version-history":[{"count":6,"href":"https:\/\/chalet-le-montana.com\/en\/wp-json\/wp\/v2\/pages\/156\/revisions"}],"predecessor-version":[{"id":1790,"href":"https:\/\/chalet-le-montana.com\/en\/wp-json\/wp\/v2\/pages\/156\/revisions\/1790"}],"wp:attachment":[{"href":"https:\/\/chalet-le-montana.com\/en\/wp-json\/wp\/v2\/media?parent=156"}],"curies":[{"name":"wp","href":"https:\/\/api.w.org\/{rel}","templated":true}]}}